{"id":2310,"date":"2023-09-25T15:28:35","date_gmt":"2023-09-25T13:28:35","guid":{"rendered":"https:\/\/www.tva-international.it\/popieranie\/"},"modified":"2023-09-25T15:28:35","modified_gmt":"2023-09-25T13:28:35","slug":"popieranie","status":"publish","type":"page","link":"https:\/\/www.tva-international.it\/sk\/popieranie\/","title":{"rendered":"Popieranie"},"content":{"rendered":"\n<!-- Legal document generated by Complianz | GDPR\/CCPA Cookie Consent https:\/\/wordpress.org\/plugins\/complianz-gdpr -->\n<div id=\"cmplz-document\" class=\"cmplz-document disclaimer cmplz-document-all\"><p>TVA International s.r.l. sa zav\u00e4zuje udr\u017eiava\u0165 t\u00fato webov\u00fa str\u00e1nku aktu\u00e1lnu a presn\u00fa. Ak by ste sa napriek tomu stretli s nie\u010d\u00edm, \u010do je nespr\u00e1vne alebo zastaran\u00e9, ocenili by sme, keby ste n\u00e1s informovali. Uve\u010fte, kde na webov\u00fdch str\u00e1nkach ste inform\u00e1cie \u010d\u00edtali. Potom sa na to pozrieme \u010do najsk\u00f4r. Odo\u0161lite svoju odpove\u010f e -mailom na adresu: <span class=\"cmplz-obfuscate\">&#105;&#110;&#102;&#111;@<span class=\"cmplz-fmail-domain\">&#101;&#120;.com<\/span>&#116;&#118;a-&#105;nt&#101;r&#110;&#097;t&#105;&#111;&#110;&#097;&#108;.it<\/span>.<\/p><p>Ak\u00e9ko\u013evek osobn\u00e9 \u00fadaje, ktor\u00e9 n\u00e1m poskytnete v kontexte va\u0161ej odpovede alebo \u017eiadosti o inform\u00e1cie, bud\u00fa pou\u017eit\u00e9 iba v s\u00falade s na\u0161\u00edm vyhl\u00e1sen\u00edm o ochrane osobn\u00fdch \u00fadajov.<\/p><p>TVA International s.r.l. vynalo\u017e\u00ed v\u0161etko primeran\u00e9 \u00fasilie na ochranu svojich syst\u00e9mov pred akouko\u013evek formou nez\u00e1konn\u00e9ho pou\u017eitia. TVA International s.r.l. na tento \u00fa\u010del zavedie vhodn\u00e9 technick\u00e9 a organiza\u010dn\u00e9 opatrenia, pri\u010dom okrem in\u00e9ho zoh\u013eadn\u00ed s\u00fa\u010dasn\u00fd stav techniky. Nezodpoved\u00e1 v\u0161ak za ak\u00fako\u013evek stratu, \u010di u\u017e priamu alebo nepriamu, ktor\u00fa utrp\u00ed u\u017e\u00edvate\u013e webovej str\u00e1nky, ktor\u00e1 vznikne v d\u00f4sledku nez\u00e1konn\u00e9ho pou\u017e\u00edvania jej syst\u00e9mov tre\u0165ou stranou.<\/p><p>TVA International s.r.l. neprij\u00edma \u017eiadnu zodpovednos\u0165 za obsah webov\u00fdch str\u00e1nok, na ktor\u00e9 alebo z ktor\u00fdch je vytvoren\u00fd hypertextov\u00fd odkaz alebo in\u00e1 referencia. Na v\u00fdrobky alebo slu\u017eby pon\u00fakan\u00e9 tret\u00edmi stranami sa vz\u0165ahuj\u00fa platn\u00e9 zmluvn\u00e9 podmienky t\u00fdchto tret\u00edch str\u00e1n.<\/p><p>V\u0161etky pr\u00e1va du\u0161evn\u00e9ho vlastn\u00edctva k obsahu na tejto webovej str\u00e1nke s\u00fa v TVA International s.r.l..<\/p><p>Kop\u00edrovanie, \u0161\u00edrenie a ak\u00e9ko\u013evek in\u00e9 pou\u017e\u00edvanie t\u00fdchto materi\u00e1lov nie je dovolen\u00e9 bez p\u00edsomn\u00e9ho s\u00fahlasu spolo\u010dnosti TVA International s.r.l., s v\u00fdnimkou pr\u00edpadov, ke\u010f je inak stanoven\u00e9 v predpisoch kogentn\u00e9ho pr\u00e1va (napr\u00edklad pr\u00e1vo citova\u0165), pokia\u013e konkr\u00e9tny obsah neur\u010duje inak.<\/p><p>V pr\u00edpade ak\u00fdchko\u013evek ot\u00e1zok alebo probl\u00e9mov s pr\u00edstupnos\u0165ou webov\u00fdch str\u00e1nok n\u00e1s nev\u00e1hajte kontaktova\u0165.<\/p><\/div>\n","protected":false},"excerpt":{"rendered":"","protected":false},"author":2,"featured_media":0,"parent":0,"menu_order":0,"comment_status":"closed","ping_status":"closed","template":"","meta":{"_acf_changed":false,"footnotes":""},"class_list":["post-2310","page","type-page","status-publish","hentry"],"acf":[],"yoast_head":"<!-- This site is optimized with the Yoast SEO plugin v26.0 - https:\/\/yoast.com\/wordpress\/plugins\/seo\/ -->\n<title>Popieranie - TVA International<\/title>\n<meta name=\"robots\" content=\"index, follow, max-snippet:-1, max-image-preview:large, max-video-preview:-1\" \/>\n<link rel=\"canonical\" href=\"https:\/\/www.tva-international.it\/sk\/popieranie\/\" \/>\n<meta property=\"og:locale\" content=\"sk_SK\" \/>\n<meta property=\"og:type\" content=\"article\" \/>\n<meta property=\"og:title\" content=\"Popieranie - TVA International\" \/>\n<meta property=\"og:url\" content=\"https:\/\/www.tva-international.it\/sk\/popieranie\/\" \/>\n<meta property=\"og:site_name\" content=\"TVA International\" \/>\n<meta property=\"og:image\" content=\"https:\/\/www.tva-international.it\/app\/uploads\/2023\/09\/tva-og-image.jpg\" \/>\n\t<meta property=\"og:image:width\" content=\"1200\" \/>\n\t<meta property=\"og:image:height\" content=\"675\" \/>\n\t<meta property=\"og:image:type\" content=\"image\/jpeg\" \/>\n<meta name=\"twitter:card\" content=\"summary_large_image\" \/>\n<script type=\"application\/ld+json\" class=\"yoast-schema-graph\">{\"@context\":\"https:\/\/schema.org\",\"@graph\":[{\"@type\":\"WebPage\",\"@id\":\"https:\/\/www.tva-international.it\/sk\/popieranie\/\",\"url\":\"https:\/\/www.tva-international.it\/sk\/popieranie\/\",\"name\":\"Popieranie - TVA International\",\"isPartOf\":{\"@id\":\"https:\/\/www.tva-international.it\/sk\/#website\"},\"datePublished\":\"2023-09-25T13:28:35+00:00\",\"breadcrumb\":{\"@id\":\"https:\/\/www.tva-international.it\/sk\/popieranie\/#breadcrumb\"},\"inLanguage\":\"sk-SK\",\"potentialAction\":[{\"@type\":\"ReadAction\",\"target\":[\"https:\/\/www.tva-international.it\/sk\/popieranie\/\"]}]},{\"@type\":\"BreadcrumbList\",\"@id\":\"https:\/\/www.tva-international.it\/sk\/popieranie\/#breadcrumb\",\"itemListElement\":[{\"@type\":\"ListItem\",\"position\":1,\"name\":\"Home\",\"item\":\"https:\/\/www.tva-international.it\/sk\/home\/\"},{\"@type\":\"ListItem\",\"position\":2,\"name\":\"Popieranie\"}]},{\"@type\":\"WebSite\",\"@id\":\"https:\/\/www.tva-international.it\/sk\/#website\",\"url\":\"https:\/\/www.tva-international.it\/sk\/\",\"name\":\"TVA International\",\"description\":\"Gestione delle pratiche e degli adempimenti necessari per il recupero dell\u2019IVA e delle ACCISE\",\"publisher\":{\"@id\":\"https:\/\/www.tva-international.it\/sk\/#organization\"},\"alternateName\":\"TVA\",\"potentialAction\":[{\"@type\":\"SearchAction\",\"target\":{\"@type\":\"EntryPoint\",\"urlTemplate\":\"https:\/\/www.tva-international.it\/sk\/?s={search_term_string}\"},\"query-input\":{\"@type\":\"PropertyValueSpecification\",\"valueRequired\":true,\"valueName\":\"search_term_string\"}}],\"inLanguage\":\"sk-SK\"},{\"@type\":\"Organization\",\"@id\":\"https:\/\/www.tva-international.it\/sk\/#organization\",\"name\":\"TVA International\",\"alternateName\":\"TVA\",\"url\":\"https:\/\/www.tva-international.it\/sk\/\",\"logo\":{\"@type\":\"ImageObject\",\"inLanguage\":\"sk-SK\",\"@id\":\"https:\/\/www.tva-international.it\/sk\/#\/schema\/logo\/image\/\",\"url\":\"https:\/\/www.tva-international.it\/app\/uploads\/2023\/09\/tva-696x696-1.jpg\",\"contentUrl\":\"https:\/\/www.tva-international.it\/app\/uploads\/2023\/09\/tva-696x696-1.jpg\",\"width\":696,\"height\":696,\"caption\":\"TVA International\"},\"image\":{\"@id\":\"https:\/\/www.tva-international.it\/sk\/#\/schema\/logo\/image\/\"}}]}<\/script>\n<!-- \/ Yoast SEO plugin. -->","yoast_head_json":{"title":"Popieranie - TVA International","robots":{"index":"index","follow":"follow","max-snippet":"max-snippet:-1","max-image-preview":"max-image-preview:large","max-video-preview":"max-video-preview:-1"},"canonical":"https:\/\/www.tva-international.it\/sk\/popieranie\/","og_locale":"sk_SK","og_type":"article","og_title":"Popieranie - TVA International","og_url":"https:\/\/www.tva-international.it\/sk\/popieranie\/","og_site_name":"TVA International","og_image":[{"width":1200,"height":675,"url":"https:\/\/www.tva-international.it\/app\/uploads\/2023\/09\/tva-og-image.jpg","type":"image\/jpeg"}],"twitter_card":"summary_large_image","schema":{"@context":"https:\/\/schema.org","@graph":[{"@type":"WebPage","@id":"https:\/\/www.tva-international.it\/sk\/popieranie\/","url":"https:\/\/www.tva-international.it\/sk\/popieranie\/","name":"Popieranie - TVA International","isPartOf":{"@id":"https:\/\/www.tva-international.it\/sk\/#website"},"datePublished":"2023-09-25T13:28:35+00:00","breadcrumb":{"@id":"https:\/\/www.tva-international.it\/sk\/popieranie\/#breadcrumb"},"inLanguage":"sk-SK","potentialAction":[{"@type":"ReadAction","target":["https:\/\/www.tva-international.it\/sk\/popieranie\/"]}]},{"@type":"BreadcrumbList","@id":"https:\/\/www.tva-international.it\/sk\/popieranie\/#breadcrumb","itemListElement":[{"@type":"ListItem","position":1,"name":"Home","item":"https:\/\/www.tva-international.it\/sk\/home\/"},{"@type":"ListItem","position":2,"name":"Popieranie"}]},{"@type":"WebSite","@id":"https:\/\/www.tva-international.it\/sk\/#website","url":"https:\/\/www.tva-international.it\/sk\/","name":"TVA International","description":"Gestione delle pratiche e degli adempimenti necessari per il recupero dell\u2019IVA e delle ACCISE","publisher":{"@id":"https:\/\/www.tva-international.it\/sk\/#organization"},"alternateName":"TVA","potentialAction":[{"@type":"SearchAction","target":{"@type":"EntryPoint","urlTemplate":"https:\/\/www.tva-international.it\/sk\/?s={search_term_string}"},"query-input":{"@type":"PropertyValueSpecification","valueRequired":true,"valueName":"search_term_string"}}],"inLanguage":"sk-SK"},{"@type":"Organization","@id":"https:\/\/www.tva-international.it\/sk\/#organization","name":"TVA International","alternateName":"TVA","url":"https:\/\/www.tva-international.it\/sk\/","logo":{"@type":"ImageObject","inLanguage":"sk-SK","@id":"https:\/\/www.tva-international.it\/sk\/#\/schema\/logo\/image\/","url":"https:\/\/www.tva-international.it\/app\/uploads\/2023\/09\/tva-696x696-1.jpg","contentUrl":"https:\/\/www.tva-international.it\/app\/uploads\/2023\/09\/tva-696x696-1.jpg","width":696,"height":696,"caption":"TVA International"},"image":{"@id":"https:\/\/www.tva-international.it\/sk\/#\/schema\/logo\/image\/"}}]}},"_links":{"self":[{"href":"https:\/\/www.tva-international.it\/sk\/wp-json\/wp\/v2\/pages\/2310","targetHints":{"allow":["GET"]}}],"collection":[{"href":"https:\/\/www.tva-international.it\/sk\/wp-json\/wp\/v2\/pages"}],"about":[{"href":"https:\/\/www.tva-international.it\/sk\/wp-json\/wp\/v2\/types\/page"}],"author":[{"embeddable":true,"href":"https:\/\/www.tva-international.it\/sk\/wp-json\/wp\/v2\/users\/2"}],"replies":[{"embeddable":true,"href":"https:\/\/www.tva-international.it\/sk\/wp-json\/wp\/v2\/comments?post=2310"}],"version-history":[{"count":0,"href":"https:\/\/www.tva-international.it\/sk\/wp-json\/wp\/v2\/pages\/2310\/revisions"}],"wp:attachment":[{"href":"https:\/\/www.tva-international.it\/sk\/wp-json\/wp\/v2\/media?parent=2310"}],"curies":[{"name":"wp","href":"https:\/\/api.w.org\/{rel}","templated":true}]}}