{"id":2309,"date":"2023-09-25T15:28:35","date_gmt":"2023-09-25T13:28:35","guid":{"rendered":"https:\/\/www.tva-international.it\/vyhlasenie-o-ochrane-sukromia-eu\/"},"modified":"2023-09-25T15:28:35","modified_gmt":"2023-09-25T13:28:35","slug":"vyhlasenie-o-ochrane-sukromia-eu","status":"publish","type":"page","link":"https:\/\/www.tva-international.it\/sk\/vyhlasenie-o-ochrane-sukromia-eu\/","title":{"rendered":"Vyhl\u00e1senie o ochrane s\u00fakromia (E\u00da)"},"content":{"rendered":"\n<!-- Legal document generated by Complianz | GDPR\/CCPA Cookie Consent https:\/\/wordpress.org\/plugins\/complianz-gdpr -->\n<div id=\"cmplz-document\" class=\"cmplz-document privacy-statement cmplz-document-eu\"><p><i>Toto vyhl\u00e1senie o ochrane osobn\u00fdch \u00fadajov bolo naposledy aktualizovan\u00e9 20 december 2023 a vz\u0165ahuje sa na ob\u010danov a leg\u00e1lne osoby s trval\u00fdm pobytom v Eur\u00f3pskom hospod\u00e1rskom priestore a \u0160vaj\u010diarsku.<\/i><br \/><br \/><\/p><p><p>V tomto vyhl\u00e1sen\u00ed o ochrane osobn\u00fdch \u00fadajov vysvet\u013eujeme, \u010do rob\u00edme s \u00fadajmi, ktor\u00e9 o v\u00e1s z\u00edskame prostredn\u00edctvom <a href=\"https:\/\/www.tva-international.it\/sk\/\">https:\/\/www.tva-international.it\/sk\/<\/a>. Odpor\u00fa\u010dame v\u00e1m, aby ste si toto vyhl\u00e1senie pozorne pre\u010d\u00edtali. Pri spracovan\u00ed dodr\u017eiavame po\u017eiadavky pr\u00e1vnych predpisov o ochrane osobn\u00fdch \u00fadajov. To okrem in\u00e9ho znamen\u00e1, \u017ee:<\/p><ul>\n                <li>jasne uv\u00e1dzame \u00fa\u010dely, na ktor\u00e9 sprac\u00favame osobn\u00e9 \u00fadaje. Rob\u00edme to prostredn\u00edctvom tohto vyhl\u00e1senia o ochrane osobn\u00fdch \u00fadajov;<\/li>\n                <li>na\u0161\u00edm cie\u013eom je obmedzi\u0165 n\u00e1\u0161 zber osobn\u00fdch \u00fadajov iba na tie osobn\u00e9 \u00fadaje, ktor\u00e9 s\u00fa nevyhnutn\u00e9 na legit\u00edmne \u00fa\u010dely;<\/li>\n                <li>najsk\u00f4r po\u017eadujeme v\u00e1\u0161 v\u00fdslovn\u00fd s\u00fahlas so spracovan\u00edm va\u0161ich osobn\u00fdch \u00fadajov v pr\u00edpadoch, ktor\u00e9 vy\u017eaduj\u00fa v\u00e1\u0161 s\u00fahlas;<\/li>\n                <li>prij\u00edmame primeran\u00e9 bezpe\u010dnostn\u00e9 opatrenia na ochranu va\u0161ich osobn\u00fdch \u00fadajov a po\u017eadujeme to aj od str\u00e1n, ktor\u00e9 sprac\u00favaj\u00fa osobn\u00e9 \u00fadaje v na\u0161om mene;<\/li>\n                <li>re\u0161pektujeme va\u0161e pr\u00e1vo na pr\u00edstup k va\u0161im osobn\u00fdm \u00fadajom alebo na ich opravu alebo vymazanie na va\u0161u \u017eiados\u0165.<\/li>\n            <\/ul><p>Ak m\u00e1te ot\u00e1zky alebo chcete presne vedie\u0165, ak\u00e9 \u00fadaje o v\u00e1s uchov\u00e1vame, kontaktujte n\u00e1s.<\/p><\/p><h2>1. \u00da\u010del, \u00fadaje a doba uchov\u00e1vania<\/h2>Osobn\u00e9 \u00fadaje m\u00f4\u017eeme zhroma\u017e\u010fova\u0165 alebo prij\u00edma\u0165 na mno\u017estvo \u00fa\u010delov spojen\u00fdch s na\u0161imi obchodn\u00fdmi oper\u00e1ciami, ktor\u00e9 m\u00f4\u017eu zah\u0155\u0148a\u0165 nasleduj\u00face: (kliknut\u00edm rozbal\u00edte)<details class=\"cmplz-dropdown dropdown-privacy-statement\"><summary><div><h3>1.1 Kontakt - prostredn\u00edctvom telef\u00f3nu, po\u0161ty, e -mailu a\/alebo webov\u00fdch formul\u00e1rov<\/h3><\/div><\/summary><p class=\"cmplz-subtitle\">Na tento \u00fa\u010del pou\u017e\u00edvame nasleduj\u00face \u00fadaje:<\/p><p><ul><li>Meno a priezvisko<\/li><li>N\u00e1zov alebo prez\u00fdvka \u00fa\u010dtu<\/li><li>E -mailov\u00e1 adresa<\/li><li>Telef\u00f3nne \u010d\u00edslo<\/li><\/ul><\/p><p class=\"cmplz-subtitle\">Z\u00e1klad, na z\u00e1klade ktor\u00e9ho m\u00f4\u017eeme tieto \u00fadaje sprac\u00fava\u0165, je:<\/p><p><a target=\"_blank\" rel=\"noopener noreferrer nofollow\" href=\"https:\/\/cookiedatabase.org\/legal-bases\/#agreement\">Je to nevyhnutn\u00e9 na plnenie zmluvy alebo predbe\u017en\u00e9 postupy s\u00favisiace so zmluvou, ktorej zmluvnou stranou je dotknut\u00e1 osoba.<\/a><\/p><p class=\"cmplz-subtitle\">Reten\u010dn\u00e9 obdobie<\/p><p>Tieto \u00fadaje uchov\u00e1vame, k\u00fdm sa slu\u017eba neukon\u010d\u00ed.<\/p><\/details><details class=\"cmplz-dropdown dropdown-privacy-statement\"><summary><div><h3>1.2 Registr\u00e1cia \u00fa\u010dtu<\/h3><\/div><\/summary><p class=\"cmplz-subtitle\">Na tento \u00fa\u010del pou\u017e\u00edvame nasleduj\u00face \u00fadaje:<\/p><p><ul><li>Meno a priezvisko<\/li><li>N\u00e1zov alebo prez\u00fdvka \u00fa\u010dtu<\/li><li>E -mailov\u00e1 adresa<\/li><li>Telef\u00f3nne \u010d\u00edslo<\/li><\/ul><\/p><p class=\"cmplz-subtitle\">Z\u00e1klad, na z\u00e1klade ktor\u00e9ho m\u00f4\u017eeme tieto \u00fadaje sprac\u00fava\u0165, je:<\/p><p><a target=\"_blank\" rel=\"noopener noreferrer nofollow\" href=\"https:\/\/cookiedatabase.org\/legal-bases\/#agreement\">Je to nevyhnutn\u00e9 na plnenie zmluvy alebo predbe\u017en\u00e9 postupy s\u00favisiace so zmluvou, ktorej zmluvnou stranou je dotknut\u00e1 osoba.<\/a><\/p><p class=\"cmplz-subtitle\">Reten\u010dn\u00e9 obdobie<\/p><p>Tieto \u00fadaje uchov\u00e1vame, k\u00fdm sa slu\u017eba neukon\u010d\u00ed.<\/p><\/details><details class=\"cmplz-dropdown dropdown-privacy-statement\"><summary><div><h3>1.3 Zasielanie informa\u010dn\u00fdch bulletinov<\/h3><\/div><\/summary><p class=\"cmplz-subtitle\">Na tento \u00fa\u010del pou\u017e\u00edvame nasleduj\u00face \u00fadaje:<\/p><p><ul><li>Meno a priezvisko<\/li><li>N\u00e1zov alebo prez\u00fdvka \u00fa\u010dtu<\/li><li>E -mailov\u00e1 adresa<\/li><li>Telef\u00f3nne \u010d\u00edslo<\/li><\/ul><\/p><p class=\"cmplz-subtitle\">Z\u00e1klad, na z\u00e1klade ktor\u00e9ho m\u00f4\u017eeme tieto \u00fadaje sprac\u00fava\u0165, je:<\/p><p><a target=\"_blank\" rel=\"noopener noreferrer nofollow\" href=\"https:\/\/cookiedatabase.org\/legal-bases\/#agreement\">Je to nevyhnutn\u00e9 na plnenie zmluvy alebo predbe\u017en\u00e9 postupy s\u00favisiace so zmluvou, ktorej zmluvnou stranou je dotknut\u00e1 osoba.<\/a><\/p><p class=\"cmplz-subtitle\">Reten\u010dn\u00e9 obdobie<\/p><p>Tieto \u00fadaje uchov\u00e1vame, k\u00fdm sa slu\u017eba neukon\u010d\u00ed.<\/p><\/details><details class=\"cmplz-dropdown dropdown-privacy-statement\"><summary><div><h3>1.4 By\u0165 schopn\u00fd dodr\u017eiava\u0165 z\u00e1konn\u00e9 povinnosti<\/h3><\/div><\/summary><p class=\"cmplz-subtitle\">Na tento \u00fa\u010del pou\u017e\u00edvame nasleduj\u00face \u00fadaje:<\/p><p><ul><li>Meno a priezvisko<\/li><li>N\u00e1zov alebo prez\u00fdvka \u00fa\u010dtu<\/li><li>E -mailov\u00e1 adresa<\/li><li>Telef\u00f3nne \u010d\u00edslo<\/li><\/ul><\/p><p class=\"cmplz-subtitle\">Z\u00e1klad, na z\u00e1klade ktor\u00e9ho m\u00f4\u017eeme tieto \u00fadaje sprac\u00fava\u0165, je:<\/p><p><a target=\"_blank\" rel=\"noopener noreferrer nofollow\" href=\"https:\/\/cookiedatabase.org\/legal-bases\/#agreement\">Je to nevyhnutn\u00e9 na plnenie zmluvy alebo predbe\u017en\u00e9 postupy s\u00favisiace so zmluvou, ktorej zmluvnou stranou je dotknut\u00e1 osoba.<\/a><\/p><p class=\"cmplz-subtitle\">Reten\u010dn\u00e9 obdobie<\/p><p>Tieto \u00fadaje uchov\u00e1vame, k\u00fdm sa slu\u017eba neukon\u010d\u00ed.<\/p><\/details><details class=\"cmplz-dropdown dropdown-privacy-statement\"><summary><div><h3>1.5 Zostavovanie a anal\u00fdza \u0161tatist\u00edk na zlep\u0161enie webov\u00fdch str\u00e1nok.<\/h3><\/div><\/summary><p class=\"cmplz-subtitle\">Na tento \u00fa\u010del pou\u017e\u00edvame nasleduj\u00face \u00fadaje:<\/p><p><ul><li>Meno a priezvisko<\/li><li>N\u00e1zov alebo prez\u00fdvka \u00fa\u010dtu<\/li><li>E -mailov\u00e1 adresa<\/li><li>Telef\u00f3nne \u010d\u00edslo<\/li><\/ul><\/p><p class=\"cmplz-subtitle\">Z\u00e1klad, na z\u00e1klade ktor\u00e9ho m\u00f4\u017eeme tieto \u00fadaje sprac\u00fava\u0165, je:<\/p><p><a target=\"_blank\" rel=\"noopener noreferrer nofollow\" href=\"https:\/\/cookiedatabase.org\/legal-bases\/#agreement\">Je to nevyhnutn\u00e9 na plnenie zmluvy alebo predbe\u017en\u00e9 postupy s\u00favisiace so zmluvou, ktorej zmluvnou stranou je dotknut\u00e1 osoba.<\/a><\/p><p class=\"cmplz-subtitle\">Reten\u010dn\u00e9 obdobie<\/p><p>Tieto \u00fadaje uchov\u00e1vame, k\u00fdm sa slu\u017eba neukon\u010d\u00ed.<\/p><\/details><details class=\"cmplz-dropdown dropdown-privacy-statement\"><summary><div><h3>1.6 Dod\u00e1vky<\/h3><\/div><\/summary><p class=\"cmplz-subtitle\">Na tento \u00fa\u010del pou\u017e\u00edvame nasleduj\u00face \u00fadaje:<\/p><p><ul><li>Meno a priezvisko<\/li><li>N\u00e1zov alebo prez\u00fdvka \u00fa\u010dtu<\/li><li>E -mailov\u00e1 adresa<\/li><li>Telef\u00f3nne \u010d\u00edslo<\/li><\/ul><\/p><p class=\"cmplz-subtitle\">Z\u00e1klad, na z\u00e1klade ktor\u00e9ho m\u00f4\u017eeme tieto \u00fadaje sprac\u00fava\u0165, je:<\/p><p><a target=\"_blank\" rel=\"noopener noreferrer nofollow\" href=\"https:\/\/cookiedatabase.org\/legal-bases\/#agreement\">Je to nevyhnutn\u00e9 na plnenie zmluvy alebo predbe\u017en\u00e9 postupy s\u00favisiace so zmluvou, ktorej zmluvnou stranou je dotknut\u00e1 osoba.<\/a><\/p><p class=\"cmplz-subtitle\">Reten\u010dn\u00e9 obdobie<\/p><p>Tieto \u00fadaje uchov\u00e1vame, k\u00fdm sa slu\u017eba neukon\u010d\u00ed.<\/p><\/details><h2>2. Cookies<\/h2><p>N\u00e1\u0161 web pou\u017e\u00edva cookies. \u010eal\u0161ie inform\u00e1cie o s\u00faboroch cookie n\u00e1jdete v na\u0161ich z\u00e1sad\u00e1ch <a href=\"https:\/\/www.tva-international.it\/sk\/cookie-policy-ue\/\">Cookie <\/a>.&nbsp;<\/p><h2>3. Postupy zverej\u0148ovania<\/h2><p><p>Osobn\u00e9 \u00fadaje zverej\u0148ujeme, ak n\u00e1s z\u00e1kon alebo s\u00fadny pr\u00edkaz vy\u017eaduje v reakcii na org\u00e1n \u010dinn\u00fd v trestnom konan\u00ed v rozsahu povolenom in\u00fdmi ustanoveniami z\u00e1kona, poskytn\u00fa\u0165 inform\u00e1cie alebo na \u00fa\u010dely vy\u0161etrovania z\u00e1le\u017eitosti s\u00favisiacej s verejnou bezpe\u010dnos\u0165ou.<\/p><p>Ak sa na\u0161a webov\u00e1 str\u00e1nka alebo organiz\u00e1cia prevezme, pred\u00e1 alebo sa podie\u013ea na f\u00fazii alebo akviz\u00edcii, va\u0161e \u00fadaje m\u00f4\u017eu by\u0165 zverejnen\u00e9 na\u0161im poradcom a pr\u00edpadn\u00fdm kupuj\u00facim a bud\u00fa odovzdan\u00e9 nov\u00fdm vlastn\u00edkom.<\/p><\/p><h2>4. Zabezpe\u010denie<\/h2><p>Zaviazali sme sa k bezpe\u010dnosti osobn\u00fdch \u00fadajov. Prij\u00edmame primeran\u00e9 bezpe\u010dnostn\u00e9 opatrenia, aby sme obmedzili zneu\u017e\u00edvanie a neopr\u00e1vnen\u00fd pr\u00edstup k osobn\u00fdm \u00fadajom. To zais\u0165uje, \u017ee k va\u0161im \u00fadajom maj\u00fa pr\u00edstup iba nevyhnutn\u00e9 osoby, \u017ee pr\u00edstup k \u00fadajom je chr\u00e1nen\u00fd a na\u0161e bezpe\u010dnostn\u00e9 opatrenia s\u00fa pravidelne kontrolovan\u00e9.<\/p><h2>5. Webov\u00e9 str\u00e1nky tret\u00edch str\u00e1n<\/h2><p>Toto vyhl\u00e1senie o ochrane osobn\u00fdch \u00fadajov sa nevz\u0165ahuje na webov\u00e9 str\u00e1nky tret\u00edch str\u00e1n prepojen\u00e9 odkazmi na na\u0161ich webov\u00fdch str\u00e1nkach. Nem\u00f4\u017eeme zaru\u010di\u0165, \u017ee tieto tretie strany bud\u00fa s va\u0161imi osobn\u00fdmi \u00fadajmi zaobch\u00e1dza\u0165 spo\u013eahlivo alebo bezpe\u010dne. Pred pou\u017eit\u00edm t\u00fdchto webov\u00fdch str\u00e1nok v\u00e1m odpor\u00fa\u010dame pre\u010d\u00edta\u0165 si vyhl\u00e1senia o ochrane osobn\u00fdch \u00fadajov t\u00fdchto webov\u00fdch str\u00e1nok.<\/p><h2>6. Dodatky k tomuto vyhl\u00e1seniu o ochrane osobn\u00fdch \u00fadajov<\/h2><p>Vyhradzujeme si pr\u00e1vo vykona\u0165 zmeny tohto vyhl\u00e1senia o ochrane osobn\u00fdch \u00fadajov. Odpor\u00fa\u010dame v\u00e1m pravidelne si pre\u0161tudova\u0165 toto vyhl\u00e1senie o ochrane osobn\u00fdch \u00fadajov, aby ste boli informovan\u00ed o ak\u00fdchko\u013evek zmen\u00e1ch. Okrem toho v\u00e1s budeme akt\u00edvne informova\u0165, kdeko\u013evek to bude mo\u017en\u00e9.<\/p><h2>7. Pr\u00edstup k va\u0161im \u00fadajom a ich \u00faprava<\/h2><p>Ak m\u00e1te ot\u00e1zky alebo chcete vedie\u0165, ak\u00e9 osobn\u00e9 \u00fadaje o v\u00e1s m\u00e1me, kontaktujte n\u00e1s. M\u00f4\u017eete n\u00e1s kontaktova\u0165 pomocou ni\u017e\u0161ie uveden\u00fdch inform\u00e1ci\u00ed. M\u00e1te nasleduj\u00face pr\u00e1va:<\/p><ul>\n                <li>M\u00e1te pr\u00e1vo vedie\u0165, pre\u010do s\u00fa va\u0161e osobn\u00e9 \u00fadaje potrebn\u00e9, \u010do sa s nimi stane a ako dlho bud\u00fa uchov\u00e1van\u00e9.<\/li>\n                <li>Pr\u00e1vo na pr\u00edstup: M\u00e1te pr\u00e1vo na pr\u00edstup k svojim osobn\u00fdm \u00fadajom, ktor\u00e9 s\u00fa n\u00e1m zn\u00e1me.<\/li>\n                <li>Pr\u00e1vo na opravu: m\u00e1te pr\u00e1vo kedyko\u013evek doplni\u0165, opravi\u0165, vymaza\u0165 alebo zablokova\u0165 va\u0161e osobn\u00e9 \u00fadaje.<\/li>\n                <li>Ak n\u00e1m udel\u00edte s\u00fahlas so spracovan\u00edm va\u0161ich \u00fadajov, m\u00e1te pr\u00e1vo tento s\u00fahlas odvola\u0165 a vymaza\u0165 va\u0161e osobn\u00e9 \u00fadaje.<\/li>\n                <li>Pr\u00e1vo na prenos va\u0161ich \u00fadajov: m\u00e1te pr\u00e1vo po\u017eadova\u0165 od spr\u00e1vcu v\u0161etky svoje osobn\u00e9 \u00fadaje a prenies\u0165 ich v celom rozsahu k \u010fal\u0161iemu prev\u00e1dzkovate\u013eovi.<\/li>\n                <li>Pr\u00e1vo namieta\u0165: m\u00f4\u017eete vznies\u0165 n\u00e1mietku proti spracovaniu va\u0161ich \u00fadajov. Dodr\u017eiavame to, pokia\u013e neexistuj\u00fa od\u00f4vodnen\u00e9 d\u00f4vody na spracovanie.<\/li>\n            <\/ul><p>Uistite sa, \u017ee v\u017edy jasne uvediete, kto ste, aby sme si mohli by\u0165 ist\u00ed, \u017ee neuprav\u00edme ani nevyma\u017eeme \u017eiadne \u00fadaje nespr\u00e1vnej osoby.<\/p><h2>8. Podanie s\u0165a\u017enosti<\/h2><p>Ak nie ste spokojn\u00ed so sp\u00f4sobom, ak\u00fdm sprac\u00favame (s\u0165a\u017enos\u0165) na spracovanie va\u0161ich osobn\u00fdch \u00fadajov, m\u00e1te pr\u00e1vo poda\u0165 s\u0165a\u017enos\u0165 \u00faradu na ochranu \u00fadajov.<\/p><h2>9. Kontaktn\u00e9 \u00fadaje<\/h2><p>TVA International s.r.l.<br \/>\n        Via Madonna dello Schioppo, 67 - 47521 Cesena (FC) \u2013 Italy<br \/>\n        Taliansko<br \/>\n        Webov\u00e1 str\u00e1nka: <a href=\"https:\/\/www.tva-international.it\/sk\/\">https:\/\/www.tva-international.it\/sk\/<\/a> <br \/>\n        E -mail: <span class=\"cmplz-obfuscate\">&#105;n&#102;&#111;@<span class=\"cmplz-fmail-domain\">ex.c&#111;&#109;<\/span>t&#118;a-in&#116;er&#110;ati&#111;&#110;a&#108;.i&#116;<\/span> <br \/>\n        Telef\u00f3nne \u010d\u00edslo: 0547380622<\/p><h2>10. \u017diados\u0165 o \u00fadaje<\/h2><p>Pre naj\u010dastej\u0161ie zad\u00e1van\u00e9 \u017eiadosti v\u00e1m tie\u017e pon\u00fakame mo\u017enos\u0165 vyu\u017ei\u0165 n\u00e1\u0161 formul\u00e1r \u017eiadosti o \u00fadaje<br \/>\t\t\t<div class=\"cmplz-datarequest cmplz-alert\">\n\t\t\t\t<span class=\"cmplz-close\">&times;<\/span>\n\t\t\t\t<span id=\"cmplz-message\"><\/span>\n\t\t\t<\/div>\n\t\t\t<form id=\"cmplz-datarequest-form\">\n\t\t\t\t<input type=\"hidden\" required value=\"eu\" name=\"cmplz_datarequest_region\" id=\"cmplz_datarequest_region\">\n\n\t\t\t\t<label for=\"cmplz_datarequest_firstname\" class=\"cmplz-first-name\">Meno\t\t\t\t\t<input type=\"search\" class=\"datarequest-firstname\" value=\"\" placeholder=\"your first name\" id=\"cmplz_datarequest_firstname\" name=\"cmplz_datarequest_firstname\">\n\t\t\t\t<\/label>\n\t\t\t\t<div>\n\t\t\t\t\t<label for=\"cmplz_datarequest_name\">Meno<\/label>\n\t\t\t\t\t<input type=\"text\" required value=\"\" placeholder=\"Va\u0161e meno\" id=\"cmplz_datarequest_name\" name=\"cmplz_datarequest_name\">\n\t\t\t\t<\/div>\n\t\t\t\t<div>\n\t\t\t\t\t<label for=\"cmplz_datarequest_email\">E -mail<\/label>\n\t\t\t\t\t<input type=\"email\" required value=\"\" placeholder=\"email@email.com\" id=\"cmplz_datarequest_email\" name=\"cmplz_datarequest_email\">\n\t\t\t\t<\/div>\n\t\t\t\t\t\t\t\t\t\t<div class=\"cmplz_datarequest cmplz_datarequest_request_for_access\">\n\t\t\t\t\t\t\t<label for=\"cmplz_datarequest_request_for_access\">\n\t\t\t\t\t\t\t\t<input type=\"checkbox\" value=\"1\" name=\"cmplz_datarequest_request_for_access\" id=\"cmplz_datarequest_request_for_access\" \/>\n\t\t\t\t\t\t\t\tOdo\u0161lite \u017eiados\u0165 o pr\u00edstup k \u00fadajom, ktor\u00e9 o v\u00e1s sprac\u00favame.\t\t\t\t\t\t\t<\/label>\n\t\t\t\t\t\t<\/div>\n\t\t\t\t\t\t\t\t\t\t<div class=\"cmplz_datarequest cmplz_datarequest_right_to_be_forgotten\">\n\t\t\t\t\t\t\t<label for=\"cmplz_datarequest_right_to_be_forgotten\">\n\t\t\t\t\t\t\t\t<input type=\"checkbox\" value=\"1\" name=\"cmplz_datarequest_right_to_be_forgotten\" id=\"cmplz_datarequest_right_to_be_forgotten\" \/>\n\t\t\t\t\t\t\t\tSubmit a request for deletion of the data if it is no longer relevant.\t\t\t\t\t\t\t<\/label>\n\t\t\t\t\t\t<\/div>\n\t\t\t\t\t\t\t\t\t\t<div class=\"cmplz_datarequest cmplz_datarequest_right_to_data_portability\">\n\t\t\t\t\t\t\t<label for=\"cmplz_datarequest_right_to_data_portability\">\n\t\t\t\t\t\t\t\t<input type=\"checkbox\" value=\"1\" name=\"cmplz_datarequest_right_to_data_portability\" id=\"cmplz_datarequest_right_to_data_portability\" \/>\n\t\t\t\t\t\t\t\tOdo\u0161lite \u017eiados\u0165 o prijatie s\u00faboru na export \u00fadajov, ktor\u00e9 o v\u00e1s spracov\u00e1vame.\t\t\t\t\t\t\t<\/label>\n\t\t\t\t\t\t<\/div>\n\t\t\t\t\t\t\t\t<input type=\"button\" id=\"cmplz-datarequest-submit\" value=\"Odosla\u0165\">\n\t\t\t<\/form>\n\n\t\t\t<style>\n\t\t\t\t\/* first-name is honeypot *\/\n\t\t\t\t.cmplz-first-name {\n\t\t\t\t\tposition: absolute !important;\n\t\t\t\t\tleft: -5000px !important;\n\t\t\t\t}\n\t\t\t<\/style>\n\t\t\t<\/p><\/div>\n","protected":false},"excerpt":{"rendered":"","protected":false},"author":2,"featured_media":0,"parent":0,"menu_order":0,"comment_status":"closed","ping_status":"closed","template":"","meta":{"_acf_changed":false,"footnotes":""},"class_list":["post-2309","page","type-page","status-publish","hentry"],"acf":[],"yoast_head":"<!-- This site is optimized with the Yoast SEO plugin v26.0 - https:\/\/yoast.com\/wordpress\/plugins\/seo\/ -->\n<title>Vyhl\u00e1senie o ochrane s\u00fakromia (E\u00da) - TVA International<\/title>\n<meta name=\"robots\" content=\"index, follow, max-snippet:-1, max-image-preview:large, max-video-preview:-1\" \/>\n<link rel=\"canonical\" href=\"https:\/\/www.tva-international.it\/sk\/vyhlasenie-o-ochrane-sukromia-eu\/\" \/>\n<meta property=\"og:locale\" content=\"sk_SK\" \/>\n<meta property=\"og:type\" content=\"article\" \/>\n<meta property=\"og:title\" content=\"Vyhl\u00e1senie o ochrane s\u00fakromia (E\u00da) - TVA International\" \/>\n<meta property=\"og:url\" content=\"https:\/\/www.tva-international.it\/sk\/vyhlasenie-o-ochrane-sukromia-eu\/\" \/>\n<meta property=\"og:site_name\" content=\"TVA International\" \/>\n<meta property=\"og:image\" content=\"https:\/\/www.tva-international.it\/app\/uploads\/2023\/09\/tva-og-image.jpg\" \/>\n\t<meta property=\"og:image:width\" content=\"1200\" \/>\n\t<meta property=\"og:image:height\" content=\"675\" \/>\n\t<meta property=\"og:image:type\" content=\"image\/jpeg\" \/>\n<meta name=\"twitter:card\" content=\"summary_large_image\" \/>\n<script type=\"application\/ld+json\" class=\"yoast-schema-graph\">{\"@context\":\"https:\/\/schema.org\",\"@graph\":[{\"@type\":\"WebPage\",\"@id\":\"https:\/\/www.tva-international.it\/sk\/vyhlasenie-o-ochrane-sukromia-eu\/\",\"url\":\"https:\/\/www.tva-international.it\/sk\/vyhlasenie-o-ochrane-sukromia-eu\/\",\"name\":\"Vyhl\u00e1senie o ochrane s\u00fakromia (E\u00da) - TVA International\",\"isPartOf\":{\"@id\":\"https:\/\/www.tva-international.it\/sk\/#website\"},\"datePublished\":\"2023-09-25T13:28:35+00:00\",\"breadcrumb\":{\"@id\":\"https:\/\/www.tva-international.it\/sk\/vyhlasenie-o-ochrane-sukromia-eu\/#breadcrumb\"},\"inLanguage\":\"sk-SK\",\"potentialAction\":[{\"@type\":\"ReadAction\",\"target\":[\"https:\/\/www.tva-international.it\/sk\/vyhlasenie-o-ochrane-sukromia-eu\/\"]}]},{\"@type\":\"BreadcrumbList\",\"@id\":\"https:\/\/www.tva-international.it\/sk\/vyhlasenie-o-ochrane-sukromia-eu\/#breadcrumb\",\"itemListElement\":[{\"@type\":\"ListItem\",\"position\":1,\"name\":\"Home\",\"item\":\"https:\/\/www.tva-international.it\/sk\/home\/\"},{\"@type\":\"ListItem\",\"position\":2,\"name\":\"Vyhl\u00e1senie o ochrane s\u00fakromia (E\u00da)\"}]},{\"@type\":\"WebSite\",\"@id\":\"https:\/\/www.tva-international.it\/sk\/#website\",\"url\":\"https:\/\/www.tva-international.it\/sk\/\",\"name\":\"TVA International\",\"description\":\"Gestione delle pratiche e degli adempimenti necessari per il recupero dell\u2019IVA e delle ACCISE\",\"publisher\":{\"@id\":\"https:\/\/www.tva-international.it\/sk\/#organization\"},\"alternateName\":\"TVA\",\"potentialAction\":[{\"@type\":\"SearchAction\",\"target\":{\"@type\":\"EntryPoint\",\"urlTemplate\":\"https:\/\/www.tva-international.it\/sk\/?s={search_term_string}\"},\"query-input\":{\"@type\":\"PropertyValueSpecification\",\"valueRequired\":true,\"valueName\":\"search_term_string\"}}],\"inLanguage\":\"sk-SK\"},{\"@type\":\"Organization\",\"@id\":\"https:\/\/www.tva-international.it\/sk\/#organization\",\"name\":\"TVA International\",\"alternateName\":\"TVA\",\"url\":\"https:\/\/www.tva-international.it\/sk\/\",\"logo\":{\"@type\":\"ImageObject\",\"inLanguage\":\"sk-SK\",\"@id\":\"https:\/\/www.tva-international.it\/sk\/#\/schema\/logo\/image\/\",\"url\":\"https:\/\/www.tva-international.it\/app\/uploads\/2023\/09\/tva-696x696-1.jpg\",\"contentUrl\":\"https:\/\/www.tva-international.it\/app\/uploads\/2023\/09\/tva-696x696-1.jpg\",\"width\":696,\"height\":696,\"caption\":\"TVA International\"},\"image\":{\"@id\":\"https:\/\/www.tva-international.it\/sk\/#\/schema\/logo\/image\/\"}}]}<\/script>\n<!-- \/ Yoast SEO plugin. -->","yoast_head_json":{"title":"Vyhl\u00e1senie o ochrane s\u00fakromia (E\u00da) - TVA International","robots":{"index":"index","follow":"follow","max-snippet":"max-snippet:-1","max-image-preview":"max-image-preview:large","max-video-preview":"max-video-preview:-1"},"canonical":"https:\/\/www.tva-international.it\/sk\/vyhlasenie-o-ochrane-sukromia-eu\/","og_locale":"sk_SK","og_type":"article","og_title":"Vyhl\u00e1senie o ochrane s\u00fakromia (E\u00da) - TVA International","og_url":"https:\/\/www.tva-international.it\/sk\/vyhlasenie-o-ochrane-sukromia-eu\/","og_site_name":"TVA International","og_image":[{"width":1200,"height":675,"url":"https:\/\/www.tva-international.it\/app\/uploads\/2023\/09\/tva-og-image.jpg","type":"image\/jpeg"}],"twitter_card":"summary_large_image","schema":{"@context":"https:\/\/schema.org","@graph":[{"@type":"WebPage","@id":"https:\/\/www.tva-international.it\/sk\/vyhlasenie-o-ochrane-sukromia-eu\/","url":"https:\/\/www.tva-international.it\/sk\/vyhlasenie-o-ochrane-sukromia-eu\/","name":"Vyhl\u00e1senie o ochrane s\u00fakromia (E\u00da) - TVA International","isPartOf":{"@id":"https:\/\/www.tva-international.it\/sk\/#website"},"datePublished":"2023-09-25T13:28:35+00:00","breadcrumb":{"@id":"https:\/\/www.tva-international.it\/sk\/vyhlasenie-o-ochrane-sukromia-eu\/#breadcrumb"},"inLanguage":"sk-SK","potentialAction":[{"@type":"ReadAction","target":["https:\/\/www.tva-international.it\/sk\/vyhlasenie-o-ochrane-sukromia-eu\/"]}]},{"@type":"BreadcrumbList","@id":"https:\/\/www.tva-international.it\/sk\/vyhlasenie-o-ochrane-sukromia-eu\/#breadcrumb","itemListElement":[{"@type":"ListItem","position":1,"name":"Home","item":"https:\/\/www.tva-international.it\/sk\/home\/"},{"@type":"ListItem","position":2,"name":"Vyhl\u00e1senie o ochrane s\u00fakromia (E\u00da)"}]},{"@type":"WebSite","@id":"https:\/\/www.tva-international.it\/sk\/#website","url":"https:\/\/www.tva-international.it\/sk\/","name":"TVA International","description":"Gestione delle pratiche e degli adempimenti necessari per il recupero dell\u2019IVA e delle ACCISE","publisher":{"@id":"https:\/\/www.tva-international.it\/sk\/#organization"},"alternateName":"TVA","potentialAction":[{"@type":"SearchAction","target":{"@type":"EntryPoint","urlTemplate":"https:\/\/www.tva-international.it\/sk\/?s={search_term_string}"},"query-input":{"@type":"PropertyValueSpecification","valueRequired":true,"valueName":"search_term_string"}}],"inLanguage":"sk-SK"},{"@type":"Organization","@id":"https:\/\/www.tva-international.it\/sk\/#organization","name":"TVA International","alternateName":"TVA","url":"https:\/\/www.tva-international.it\/sk\/","logo":{"@type":"ImageObject","inLanguage":"sk-SK","@id":"https:\/\/www.tva-international.it\/sk\/#\/schema\/logo\/image\/","url":"https:\/\/www.tva-international.it\/app\/uploads\/2023\/09\/tva-696x696-1.jpg","contentUrl":"https:\/\/www.tva-international.it\/app\/uploads\/2023\/09\/tva-696x696-1.jpg","width":696,"height":696,"caption":"TVA International"},"image":{"@id":"https:\/\/www.tva-international.it\/sk\/#\/schema\/logo\/image\/"}}]}},"_links":{"self":[{"href":"https:\/\/www.tva-international.it\/sk\/wp-json\/wp\/v2\/pages\/2309","targetHints":{"allow":["GET"]}}],"collection":[{"href":"https:\/\/www.tva-international.it\/sk\/wp-json\/wp\/v2\/pages"}],"about":[{"href":"https:\/\/www.tva-international.it\/sk\/wp-json\/wp\/v2\/types\/page"}],"author":[{"embeddable":true,"href":"https:\/\/www.tva-international.it\/sk\/wp-json\/wp\/v2\/users\/2"}],"replies":[{"embeddable":true,"href":"https:\/\/www.tva-international.it\/sk\/wp-json\/wp\/v2\/comments?post=2309"}],"version-history":[{"count":0,"href":"https:\/\/www.tva-international.it\/sk\/wp-json\/wp\/v2\/pages\/2309\/revisions"}],"wp:attachment":[{"href":"https:\/\/www.tva-international.it\/sk\/wp-json\/wp\/v2\/media?parent=2309"}],"curies":[{"name":"wp","href":"https:\/\/api.w.org\/{rel}","templated":true}]}}