{"id":2289,"date":"2023-09-25T15:28:35","date_gmt":"2023-09-25T13:28:35","guid":{"rendered":"https:\/\/www.tva-international.it\/neagreare\/"},"modified":"2023-09-26T21:25:39","modified_gmt":"2023-09-26T19:25:39","slug":"neagreare","status":"publish","type":"page","link":"https:\/\/www.tva-international.it\/ro\/neagreare\/","title":{"rendered":"Neagreare"},"content":{"rendered":"\n<!-- Legal document generated by Complianz | GDPR\/CCPA Cookie Consent https:\/\/wordpress.org\/plugins\/complianz-gdpr -->\n<div id=\"cmplz-document\" class=\"cmplz-document disclaimer cmplz-document-all\"><p>TVA International s.r.l. se angajeaz\u0103 s\u0103 men\u021bin\u0103 acest site actualizat \u0219i cu informa\u021bii corecte. Dac\u0103, totu\u0219i, \u00eent\u00e2mpini ceva incorect sau dep\u0103\u0219it, am aprecia dac\u0103 ne-ai putea informa. Te rug\u0103m s\u0103 indici unde anume pe site ai citit informa\u021biile. Vom analiza acest lucru c\u00e2t mai cur\u00e2nd posibil. Te rug\u0103m s\u0103 trimi\u021bi r\u0103spunsul t\u0103u prin e-mail la: <span class=\"cmplz-obfuscate\">inf&#111;@<span class=\"cmplz-fmail-domain\">&#101;x&#046;&#099;o&#109;<\/span>t&#118;&#097;-&#105;n&#116;&#101;r&#110;&#097;&#116;&#105;&#111;na&#108;.it<\/span>.<\/p><p>Toate drepturile de proprietate intelectual\u0103 asupra con\u021binutului de pe acest site web apar\u021bin %s sau ter\u021bilor care au plasat con\u021binutul ei \u00een\u0219i\u0219i sau de la care %s a ob\u021binut o licen\u021b\u0103 de utilizator.<\/p><p>TVA International s.r.l. va depune toate eforturile rezonabile pentru a-\u0219i proteja sistemele \u00eempotriva oric\u0103rei forme de utilizare ilegal\u0103. TVA International s.r.l. va pune \u00een aplicare, \u00een acest scop, m\u0103suri tehnice \u0219i organizatorice adecvate, \u021bin\u00e2nd seama, printre altele, de stadiul tehnicii. Cu toate acestea, nu va fi r\u0103spunz\u0103toare pentru orice pierdere, direct\u0103 \u0219i \/ sau indirect\u0103, suferit\u0103 de un utilizator al site-ului, care apare ca urmare a utiliz\u0103rii ilegale a sistemelor sale de c\u0103tre o ter\u021b\u0103 parte.<\/p><p>TVA International s.r.l. nu \u00ee\u0219i asum\u0103 nicio responsabilitate pentru con\u021binutul site-urilor c\u0103tre care sau de la care se face o leg\u0103tur\u0103 ori o alt\u0103 referin\u021b\u0103. Produsele sau serviciile oferite de ter\u021bi vor fi supuse termenilor \u0219i condi\u021biilor aplicabile ale acelor ter\u021be p\u0103r\u021bi.<\/p><p>Toate drepturile de proprietate intelectual\u0103 asupra con\u021binutului de pe acest site web apar\u021bin TVA International s.r.l..<\/p><p>Copierea, diseminarea \u0219i orice alt\u0103 utilizare a acestor materiale nu este permis\u0103 f\u0103r\u0103 permisiunea scris\u0103 a TVA International s.r.l., cu excep\u021bia \u0219i numai \u00een m\u0103sura \u00een care se stipuleaz\u0103 altfel \u00een reglement\u0103rile legilor aplicabile (cum ar fi dreptul de a cita), cu excep\u021bia cazului \u00een care con\u021binutul specific impune altfel.<\/p><p>Dac\u0103 ai \u00eentreb\u0103ri sau probleme cu accesibilitatea site-ului, te rug\u0103m s\u0103 nu ezi\u021bi s\u0103 ne contactezi.<\/p><\/div>\n","protected":false},"excerpt":{"rendered":"","protected":false},"author":2,"featured_media":0,"parent":0,"menu_order":0,"comment_status":"closed","ping_status":"closed","template":"","meta":{"_acf_changed":false,"footnotes":""},"class_list":["post-2289","page","type-page","status-publish","hentry"],"acf":[],"yoast_head":"<!-- This site is optimized with the Yoast SEO plugin v26.0 - https:\/\/yoast.com\/wordpress\/plugins\/seo\/ -->\n<title>Neagreare - TVA International<\/title>\n<meta name=\"robots\" content=\"index, follow, max-snippet:-1, max-image-preview:large, max-video-preview:-1\" \/>\n<link rel=\"canonical\" href=\"https:\/\/www.tva-international.it\/ro\/neagreare\/\" \/>\n<meta property=\"og:locale\" content=\"ro_RO\" \/>\n<meta property=\"og:type\" content=\"article\" \/>\n<meta property=\"og:title\" content=\"Neagreare - TVA International\" \/>\n<meta property=\"og:url\" content=\"https:\/\/www.tva-international.it\/ro\/neagreare\/\" \/>\n<meta property=\"og:site_name\" content=\"TVA International\" \/>\n<meta property=\"article:modified_time\" content=\"2023-09-26T19:25:39+00:00\" \/>\n<meta property=\"og:image\" content=\"https:\/\/www.tva-international.it\/app\/uploads\/2023\/09\/tva-og-image.jpg\" \/>\n\t<meta property=\"og:image:width\" content=\"1200\" \/>\n\t<meta property=\"og:image:height\" content=\"675\" \/>\n\t<meta property=\"og:image:type\" content=\"image\/jpeg\" \/>\n<meta name=\"twitter:card\" content=\"summary_large_image\" \/>\n<script type=\"application\/ld+json\" class=\"yoast-schema-graph\">{\"@context\":\"https:\/\/schema.org\",\"@graph\":[{\"@type\":\"WebPage\",\"@id\":\"https:\/\/www.tva-international.it\/ro\/neagreare\/\",\"url\":\"https:\/\/www.tva-international.it\/ro\/neagreare\/\",\"name\":\"Neagreare - TVA International\",\"isPartOf\":{\"@id\":\"https:\/\/www.tva-international.it\/ro\/#website\"},\"datePublished\":\"2023-09-25T13:28:35+00:00\",\"dateModified\":\"2023-09-26T19:25:39+00:00\",\"breadcrumb\":{\"@id\":\"https:\/\/www.tva-international.it\/ro\/neagreare\/#breadcrumb\"},\"inLanguage\":\"ro-RO\",\"potentialAction\":[{\"@type\":\"ReadAction\",\"target\":[\"https:\/\/www.tva-international.it\/ro\/neagreare\/\"]}]},{\"@type\":\"BreadcrumbList\",\"@id\":\"https:\/\/www.tva-international.it\/ro\/neagreare\/#breadcrumb\",\"itemListElement\":[{\"@type\":\"ListItem\",\"position\":1,\"name\":\"Home\",\"item\":\"https:\/\/www.tva-international.it\/ro\/home\/\"},{\"@type\":\"ListItem\",\"position\":2,\"name\":\"Neagreare\"}]},{\"@type\":\"WebSite\",\"@id\":\"https:\/\/www.tva-international.it\/ro\/#website\",\"url\":\"https:\/\/www.tva-international.it\/ro\/\",\"name\":\"TVA International\",\"description\":\"Gestione delle pratiche e degli adempimenti necessari per il recupero dell\u2019IVA e delle ACCISE\",\"publisher\":{\"@id\":\"https:\/\/www.tva-international.it\/ro\/#organization\"},\"alternateName\":\"TVA\",\"potentialAction\":[{\"@type\":\"SearchAction\",\"target\":{\"@type\":\"EntryPoint\",\"urlTemplate\":\"https:\/\/www.tva-international.it\/ro\/?s={search_term_string}\"},\"query-input\":{\"@type\":\"PropertyValueSpecification\",\"valueRequired\":true,\"valueName\":\"search_term_string\"}}],\"inLanguage\":\"ro-RO\"},{\"@type\":\"Organization\",\"@id\":\"https:\/\/www.tva-international.it\/ro\/#organization\",\"name\":\"TVA International\",\"alternateName\":\"TVA\",\"url\":\"https:\/\/www.tva-international.it\/ro\/\",\"logo\":{\"@type\":\"ImageObject\",\"inLanguage\":\"ro-RO\",\"@id\":\"https:\/\/www.tva-international.it\/ro\/#\/schema\/logo\/image\/\",\"url\":\"https:\/\/www.tva-international.it\/app\/uploads\/2023\/09\/tva-696x696-1.jpg\",\"contentUrl\":\"https:\/\/www.tva-international.it\/app\/uploads\/2023\/09\/tva-696x696-1.jpg\",\"width\":696,\"height\":696,\"caption\":\"TVA International\"},\"image\":{\"@id\":\"https:\/\/www.tva-international.it\/ro\/#\/schema\/logo\/image\/\"}}]}<\/script>\n<!-- \/ Yoast SEO plugin. -->","yoast_head_json":{"title":"Neagreare - TVA International","robots":{"index":"index","follow":"follow","max-snippet":"max-snippet:-1","max-image-preview":"max-image-preview:large","max-video-preview":"max-video-preview:-1"},"canonical":"https:\/\/www.tva-international.it\/ro\/neagreare\/","og_locale":"ro_RO","og_type":"article","og_title":"Neagreare - TVA International","og_url":"https:\/\/www.tva-international.it\/ro\/neagreare\/","og_site_name":"TVA International","article_modified_time":"2023-09-26T19:25:39+00:00","og_image":[{"width":1200,"height":675,"url":"https:\/\/www.tva-international.it\/app\/uploads\/2023\/09\/tva-og-image.jpg","type":"image\/jpeg"}],"twitter_card":"summary_large_image","schema":{"@context":"https:\/\/schema.org","@graph":[{"@type":"WebPage","@id":"https:\/\/www.tva-international.it\/ro\/neagreare\/","url":"https:\/\/www.tva-international.it\/ro\/neagreare\/","name":"Neagreare - TVA International","isPartOf":{"@id":"https:\/\/www.tva-international.it\/ro\/#website"},"datePublished":"2023-09-25T13:28:35+00:00","dateModified":"2023-09-26T19:25:39+00:00","breadcrumb":{"@id":"https:\/\/www.tva-international.it\/ro\/neagreare\/#breadcrumb"},"inLanguage":"ro-RO","potentialAction":[{"@type":"ReadAction","target":["https:\/\/www.tva-international.it\/ro\/neagreare\/"]}]},{"@type":"BreadcrumbList","@id":"https:\/\/www.tva-international.it\/ro\/neagreare\/#breadcrumb","itemListElement":[{"@type":"ListItem","position":1,"name":"Home","item":"https:\/\/www.tva-international.it\/ro\/home\/"},{"@type":"ListItem","position":2,"name":"Neagreare"}]},{"@type":"WebSite","@id":"https:\/\/www.tva-international.it\/ro\/#website","url":"https:\/\/www.tva-international.it\/ro\/","name":"TVA International","description":"Gestione delle pratiche e degli adempimenti necessari per il recupero dell\u2019IVA e delle ACCISE","publisher":{"@id":"https:\/\/www.tva-international.it\/ro\/#organization"},"alternateName":"TVA","potentialAction":[{"@type":"SearchAction","target":{"@type":"EntryPoint","urlTemplate":"https:\/\/www.tva-international.it\/ro\/?s={search_term_string}"},"query-input":{"@type":"PropertyValueSpecification","valueRequired":true,"valueName":"search_term_string"}}],"inLanguage":"ro-RO"},{"@type":"Organization","@id":"https:\/\/www.tva-international.it\/ro\/#organization","name":"TVA International","alternateName":"TVA","url":"https:\/\/www.tva-international.it\/ro\/","logo":{"@type":"ImageObject","inLanguage":"ro-RO","@id":"https:\/\/www.tva-international.it\/ro\/#\/schema\/logo\/image\/","url":"https:\/\/www.tva-international.it\/app\/uploads\/2023\/09\/tva-696x696-1.jpg","contentUrl":"https:\/\/www.tva-international.it\/app\/uploads\/2023\/09\/tva-696x696-1.jpg","width":696,"height":696,"caption":"TVA International"},"image":{"@id":"https:\/\/www.tva-international.it\/ro\/#\/schema\/logo\/image\/"}}]}},"_links":{"self":[{"href":"https:\/\/www.tva-international.it\/ro\/wp-json\/wp\/v2\/pages\/2289","targetHints":{"allow":["GET"]}}],"collection":[{"href":"https:\/\/www.tva-international.it\/ro\/wp-json\/wp\/v2\/pages"}],"about":[{"href":"https:\/\/www.tva-international.it\/ro\/wp-json\/wp\/v2\/types\/page"}],"author":[{"embeddable":true,"href":"https:\/\/www.tva-international.it\/ro\/wp-json\/wp\/v2\/users\/2"}],"replies":[{"embeddable":true,"href":"https:\/\/www.tva-international.it\/ro\/wp-json\/wp\/v2\/comments?post=2289"}],"version-history":[{"count":1,"href":"https:\/\/www.tva-international.it\/ro\/wp-json\/wp\/v2\/pages\/2289\/revisions"}],"predecessor-version":[{"id":2290,"href":"https:\/\/www.tva-international.it\/ro\/wp-json\/wp\/v2\/pages\/2289\/revisions\/2290"}],"wp:attachment":[{"href":"https:\/\/www.tva-international.it\/ro\/wp-json\/wp\/v2\/media?parent=2289"}],"curies":[{"name":"wp","href":"https:\/\/api.w.org\/{rel}","templated":true}]}}