{"id":2274,"date":"2023-09-25T15:28:35","date_gmt":"2023-09-25T13:28:35","guid":{"rendered":"https:\/\/www.tva-international.it\/odrzucenie\/"},"modified":"2023-09-25T15:28:35","modified_gmt":"2023-09-25T13:28:35","slug":"odrzucenie","status":"publish","type":"page","link":"https:\/\/www.tva-international.it\/pl\/odrzucenie\/","title":{"rendered":"Odrzucenie"},"content":{"rendered":"\n<!-- Legal document generated by Complianz | GDPR\/CCPA Cookie Consent https:\/\/wordpress.org\/plugins\/complianz-gdpr -->\n<div id=\"cmplz-document\" class=\"cmplz-document disclaimer cmplz-document-all\"><p>TVA International s.r.l. dok\u0142ada wszelkich stara\u0144, aby ta witryna by\u0142a aktualna i dok\u0142adna. Je\u015bli mimo wszystko napotkasz co\u015b, co jest nieprawid\u0142owe lub nieaktualne, b\u0119dziemy wdzi\u0119czni za poinformowanie nas o tym. Wska\u017c, gdzie na stronie przeczyta\u0142e\u015b informacje. Przyjrzymy si\u0119 temu tak szybko, jak to mo\u017cliwe. Prosimy o przes\u0142anie odpowiedzi e-mailem na adres: <span class=\"cmplz-obfuscate\">&#105;&#110;f&#111;@<span class=\"cmplz-fmail-domain\">e&#120;&#046;&#099;om<\/span>&#116;va&#045;inter&#110;&#097;t&#105;&#111;na&#108;.&#105;&#116;<\/span>.<\/p><p>Wszelkie dane osobowe, kt\u00f3re nam przeka\u017cesz w kontek\u015bcie twojej odpowiedzi lub pro\u015bby o informacje, b\u0119d\u0105 wykorzystywane wy\u0142\u0105cznie zgodnie z naszym o\u015bwiadczeniem o ochronie prywatno\u015bci.<\/p><p>TVA International s.r.l. do\u0142o\u017cy wszelkich stara\u0144, aby chroni\u0107 swoje systemy przed jak\u0105kolwiek form\u0105 bezprawnego u\u017cycia. TVA International s.r.l.  wdro\u017cy w tym celu odpowiednie \u015brodki techniczne i organizacyjne, uwzgl\u0119dniaj\u0105c mi\u0119dzy innymi stan wiedzy. Jednak\u017ce nie ponosi odpowiedzialno\u015bci za jakiekolwiek straty, bezpo\u015brednie i\/lub po\u015brednie poniesione przez u\u017cytkownika strony internetowej, kt\u00f3re powsta\u0142y w wyniku bezprawnego korzystania z jej system\u00f3w przez osob\u0119 trzeci\u0105.<\/p><p>TVA International s.r.l. nie ponosi \u017cadnej odpowiedzialno\u015bci za zawarto\u015b\u0107 witryn internetowych, do kt\u00f3rych lub z kt\u00f3rych zamieszczono hiper\u0142\u0105cza lub inne odniesienia. Produkty lub us\u0142ugi oferowane przez strony trzecie podlegaj\u0105 obowi\u0105zuj\u0105cym warunkom tych stron trzecich.<\/p><p>Wszystkie prawa w\u0142asno\u015bci intelektualnej do zawarto\u015bci tej witryny nale\u017c\u0105 do TVA International s.r.l..<\/p><p>Kopiowanie, rozpowszechnianie i jakiekolwiek inne wykorzystywanie tych materia\u0142\u00f3w jest zabronione bez pisemnej zgody TVA International s.r.l., z wyj\u0105tkiem i tylko w zakresie, w jakim okre\u015blono inaczej w obowi\u0105zuj\u0105cych przepisach (takich jak prawo do cytowania), chyba \u017ce okre\u015blone tre\u015bci nakazuj\u0105 inaczej.<\/p><p>Je\u015bli masz jakie\u015b pytania lub problemy z dost\u0119pno\u015bci\u0105 strony, nie wahaj si\u0119 z nami skontaktowa\u0107.<\/p><\/div>\n","protected":false},"excerpt":{"rendered":"","protected":false},"author":2,"featured_media":0,"parent":0,"menu_order":0,"comment_status":"closed","ping_status":"closed","template":"","meta":{"_acf_changed":false,"footnotes":""},"class_list":["post-2274","page","type-page","status-publish","hentry"],"acf":[],"yoast_head":"<!-- This site is optimized with the Yoast SEO plugin v26.0 - https:\/\/yoast.com\/wordpress\/plugins\/seo\/ -->\n<title>Odrzucenie - TVA International<\/title>\n<meta name=\"robots\" content=\"index, follow, max-snippet:-1, max-image-preview:large, max-video-preview:-1\" \/>\n<link rel=\"canonical\" href=\"https:\/\/www.tva-international.it\/pl\/odrzucenie\/\" \/>\n<meta property=\"og:locale\" content=\"pl_PL\" \/>\n<meta property=\"og:type\" content=\"article\" \/>\n<meta property=\"og:title\" content=\"Odrzucenie - TVA International\" \/>\n<meta property=\"og:url\" content=\"https:\/\/www.tva-international.it\/pl\/odrzucenie\/\" \/>\n<meta property=\"og:site_name\" content=\"TVA International\" \/>\n<meta property=\"og:image\" content=\"https:\/\/www.tva-international.it\/app\/uploads\/2023\/09\/tva-og-image.jpg\" \/>\n\t<meta property=\"og:image:width\" content=\"1200\" \/>\n\t<meta property=\"og:image:height\" content=\"675\" \/>\n\t<meta property=\"og:image:type\" content=\"image\/jpeg\" \/>\n<meta name=\"twitter:card\" content=\"summary_large_image\" \/>\n<script type=\"application\/ld+json\" class=\"yoast-schema-graph\">{\"@context\":\"https:\/\/schema.org\",\"@graph\":[{\"@type\":\"WebPage\",\"@id\":\"https:\/\/www.tva-international.it\/pl\/odrzucenie\/\",\"url\":\"https:\/\/www.tva-international.it\/pl\/odrzucenie\/\",\"name\":\"Odrzucenie - TVA International\",\"isPartOf\":{\"@id\":\"https:\/\/www.tva-international.it\/pl\/#website\"},\"datePublished\":\"2023-09-25T13:28:35+00:00\",\"breadcrumb\":{\"@id\":\"https:\/\/www.tva-international.it\/pl\/odrzucenie\/#breadcrumb\"},\"inLanguage\":\"pl-PL\",\"potentialAction\":[{\"@type\":\"ReadAction\",\"target\":[\"https:\/\/www.tva-international.it\/pl\/odrzucenie\/\"]}]},{\"@type\":\"BreadcrumbList\",\"@id\":\"https:\/\/www.tva-international.it\/pl\/odrzucenie\/#breadcrumb\",\"itemListElement\":[{\"@type\":\"ListItem\",\"position\":1,\"name\":\"Home\",\"item\":\"https:\/\/www.tva-international.it\/pl\/home\/\"},{\"@type\":\"ListItem\",\"position\":2,\"name\":\"Odrzucenie\"}]},{\"@type\":\"WebSite\",\"@id\":\"https:\/\/www.tva-international.it\/pl\/#website\",\"url\":\"https:\/\/www.tva-international.it\/pl\/\",\"name\":\"TVA International\",\"description\":\"Gestione delle pratiche e degli adempimenti necessari per il recupero dell\u2019IVA e delle ACCISE\",\"publisher\":{\"@id\":\"https:\/\/www.tva-international.it\/pl\/#organization\"},\"alternateName\":\"TVA\",\"potentialAction\":[{\"@type\":\"SearchAction\",\"target\":{\"@type\":\"EntryPoint\",\"urlTemplate\":\"https:\/\/www.tva-international.it\/pl\/?s={search_term_string}\"},\"query-input\":{\"@type\":\"PropertyValueSpecification\",\"valueRequired\":true,\"valueName\":\"search_term_string\"}}],\"inLanguage\":\"pl-PL\"},{\"@type\":\"Organization\",\"@id\":\"https:\/\/www.tva-international.it\/pl\/#organization\",\"name\":\"TVA International\",\"alternateName\":\"TVA\",\"url\":\"https:\/\/www.tva-international.it\/pl\/\",\"logo\":{\"@type\":\"ImageObject\",\"inLanguage\":\"pl-PL\",\"@id\":\"https:\/\/www.tva-international.it\/pl\/#\/schema\/logo\/image\/\",\"url\":\"https:\/\/www.tva-international.it\/app\/uploads\/2023\/09\/tva-696x696-1.jpg\",\"contentUrl\":\"https:\/\/www.tva-international.it\/app\/uploads\/2023\/09\/tva-696x696-1.jpg\",\"width\":696,\"height\":696,\"caption\":\"TVA International\"},\"image\":{\"@id\":\"https:\/\/www.tva-international.it\/pl\/#\/schema\/logo\/image\/\"}}]}<\/script>\n<!-- \/ Yoast SEO plugin. -->","yoast_head_json":{"title":"Odrzucenie - TVA International","robots":{"index":"index","follow":"follow","max-snippet":"max-snippet:-1","max-image-preview":"max-image-preview:large","max-video-preview":"max-video-preview:-1"},"canonical":"https:\/\/www.tva-international.it\/pl\/odrzucenie\/","og_locale":"pl_PL","og_type":"article","og_title":"Odrzucenie - TVA International","og_url":"https:\/\/www.tva-international.it\/pl\/odrzucenie\/","og_site_name":"TVA International","og_image":[{"width":1200,"height":675,"url":"https:\/\/www.tva-international.it\/app\/uploads\/2023\/09\/tva-og-image.jpg","type":"image\/jpeg"}],"twitter_card":"summary_large_image","schema":{"@context":"https:\/\/schema.org","@graph":[{"@type":"WebPage","@id":"https:\/\/www.tva-international.it\/pl\/odrzucenie\/","url":"https:\/\/www.tva-international.it\/pl\/odrzucenie\/","name":"Odrzucenie - TVA International","isPartOf":{"@id":"https:\/\/www.tva-international.it\/pl\/#website"},"datePublished":"2023-09-25T13:28:35+00:00","breadcrumb":{"@id":"https:\/\/www.tva-international.it\/pl\/odrzucenie\/#breadcrumb"},"inLanguage":"pl-PL","potentialAction":[{"@type":"ReadAction","target":["https:\/\/www.tva-international.it\/pl\/odrzucenie\/"]}]},{"@type":"BreadcrumbList","@id":"https:\/\/www.tva-international.it\/pl\/odrzucenie\/#breadcrumb","itemListElement":[{"@type":"ListItem","position":1,"name":"Home","item":"https:\/\/www.tva-international.it\/pl\/home\/"},{"@type":"ListItem","position":2,"name":"Odrzucenie"}]},{"@type":"WebSite","@id":"https:\/\/www.tva-international.it\/pl\/#website","url":"https:\/\/www.tva-international.it\/pl\/","name":"TVA International","description":"Gestione delle pratiche e degli adempimenti necessari per il recupero dell\u2019IVA e delle ACCISE","publisher":{"@id":"https:\/\/www.tva-international.it\/pl\/#organization"},"alternateName":"TVA","potentialAction":[{"@type":"SearchAction","target":{"@type":"EntryPoint","urlTemplate":"https:\/\/www.tva-international.it\/pl\/?s={search_term_string}"},"query-input":{"@type":"PropertyValueSpecification","valueRequired":true,"valueName":"search_term_string"}}],"inLanguage":"pl-PL"},{"@type":"Organization","@id":"https:\/\/www.tva-international.it\/pl\/#organization","name":"TVA International","alternateName":"TVA","url":"https:\/\/www.tva-international.it\/pl\/","logo":{"@type":"ImageObject","inLanguage":"pl-PL","@id":"https:\/\/www.tva-international.it\/pl\/#\/schema\/logo\/image\/","url":"https:\/\/www.tva-international.it\/app\/uploads\/2023\/09\/tva-696x696-1.jpg","contentUrl":"https:\/\/www.tva-international.it\/app\/uploads\/2023\/09\/tva-696x696-1.jpg","width":696,"height":696,"caption":"TVA International"},"image":{"@id":"https:\/\/www.tva-international.it\/pl\/#\/schema\/logo\/image\/"}}]}},"_links":{"self":[{"href":"https:\/\/www.tva-international.it\/pl\/wp-json\/wp\/v2\/pages\/2274","targetHints":{"allow":["GET"]}}],"collection":[{"href":"https:\/\/www.tva-international.it\/pl\/wp-json\/wp\/v2\/pages"}],"about":[{"href":"https:\/\/www.tva-international.it\/pl\/wp-json\/wp\/v2\/types\/page"}],"author":[{"embeddable":true,"href":"https:\/\/www.tva-international.it\/pl\/wp-json\/wp\/v2\/users\/2"}],"replies":[{"embeddable":true,"href":"https:\/\/www.tva-international.it\/pl\/wp-json\/wp\/v2\/comments?post=2274"}],"version-history":[{"count":0,"href":"https:\/\/www.tva-international.it\/pl\/wp-json\/wp\/v2\/pages\/2274\/revisions"}],"wp:attachment":[{"href":"https:\/\/www.tva-international.it\/pl\/wp-json\/wp\/v2\/media?parent=2274"}],"curies":[{"name":"wp","href":"https:\/\/api.w.org\/{rel}","templated":true}]}}